{"id":7117,"date":"2022-07-29T11:58:20","date_gmt":"2022-07-29T09:58:20","guid":{"rendered":"https:\/\/stern-riesa.de\/besucherinfos\/vorverkaufsstellen\/"},"modified":"2024-12-04T21:17:09","modified_gmt":"2024-12-04T20:17:09","slug":"vorverkaufsstellen","status":"publish","type":"page","link":"https:\/\/stern-riesa.de\/de-ls\/besucherinfos\/vorverkaufsstellen\/","title":{"rendered":"Vorverkaufsstellen"},"content":{"rendered":"\t\t<div data-elementor-type=\"wp-page\" data-elementor-id=\"7117\" class=\"elementor elementor-7117 elementor-2077\" data-elementor-post-type=\"page\">\n\t\t\t\t\t\t<section class=\"elementor-section elementor-top-section elementor-element elementor-element-66bc16b elementor-section-full_width elementor-section-height-default elementor-section-height-default\" data-id=\"66bc16b\" data-element_type=\"section\" data-settings=\"{&quot;shape_divider_bottom&quot;:&quot;mountains&quot;}\">\n\t\t\t\t\t<div class=\"elementor-shape elementor-shape-bottom\" aria-hidden=\"true\" data-negative=\"false\">\n\t\t\t<svg xmlns=\"http:\/\/www.w3.org\/2000\/svg\" viewBox=\"0 0 1000 100\" preserveAspectRatio=\"none\">\n\t<path class=\"elementor-shape-fill\" opacity=\"0.33\" d=\"M473,67.3c-203.9,88.3-263.1-34-320.3,0C66,119.1,0,59.7,0,59.7V0h1000v59.7 c0,0-62.1,26.1-94.9,29.3c-32.8,3.3-62.8-12.3-75.8-22.1C806,49.6,745.3,8.7,694.9,4.7S492.4,59,473,67.3z\"\/>\n\t<path class=\"elementor-shape-fill\" opacity=\"0.66\" d=\"M734,67.3c-45.5,0-77.2-23.2-129.1-39.1c-28.6-8.7-150.3-10.1-254,39.1 s-91.7-34.4-149.2,0C115.7,118.3,0,39.8,0,39.8V0h1000v36.5c0,0-28.2-18.5-92.1-18.5C810.2,18.1,775.7,67.3,734,67.3z\"\/>\n\t<path class=\"elementor-shape-fill\" d=\"M766.1,28.9c-200-57.5-266,65.5-395.1,19.5C242,1.8,242,5.4,184.8,20.6C128,35.8,132.3,44.9,89.9,52.5C28.6,63.7,0,0,0,0 h1000c0,0-9.9,40.9-83.6,48.1S829.6,47,766.1,28.9z\"\/>\n<\/svg>\t\t<\/div>\n\t\t\t\t\t<div class=\"elementor-container elementor-column-gap-no\">\n\t\t\t\t\t<div class=\"elementor-column elementor-col-100 elementor-top-column elementor-element elementor-element-2c97faa\" data-id=\"2c97faa\" data-element_type=\"column\">\n\t\t\t<div class=\"elementor-widget-wrap elementor-element-populated\">\n\t\t\t\t\t\t<div class=\"elementor-element elementor-element-24377ad elementor--h-position-left sliderHome elementor--v-position-middle elementor-arrows-position-inside elementor-widget elementor-widget-slides\" data-id=\"24377ad\" data-element_type=\"widget\" data-settings=\"{&quot;navigation&quot;:&quot;arrows&quot;,&quot;transition&quot;:&quot;fade&quot;,&quot;motion_fx_opacity_direction&quot;:&quot;in-out&quot;,&quot;motion_fx_opacity_range&quot;:{&quot;unit&quot;:&quot;%&quot;,&quot;size&quot;:&quot;&quot;,&quot;sizes&quot;:{&quot;start&quot;:60,&quot;end&quot;:100}},&quot;motion_fx_motion_fx_scrolling&quot;:&quot;yes&quot;,&quot;motion_fx_opacity_effect&quot;:&quot;yes&quot;,&quot;autoplay&quot;:&quot;yes&quot;,&quot;pause_on_hover&quot;:&quot;yes&quot;,&quot;pause_on_interaction&quot;:&quot;yes&quot;,&quot;autoplay_speed&quot;:5000,&quot;infinite&quot;:&quot;yes&quot;,&quot;transition_speed&quot;:500,&quot;motion_fx_opacity_level&quot;:{&quot;unit&quot;:&quot;px&quot;,&quot;size&quot;:10,&quot;sizes&quot;:[]},&quot;motion_fx_devices&quot;:[&quot;desktop&quot;,&quot;tablet&quot;,&quot;mobile&quot;]}\" data-widget_type=\"slides.default\">\n\t\t\t\t<div class=\"elementor-widget-container\">\n\t\t\t\t\t\t\t\t\t<div class=\"elementor-swiper\">\n\t\t\t\t\t<div class=\"elementor-slides-wrapper elementor-main-swiper swiper\" role=\"region\" aria-roledescription=\"carousel\" aria-label=\"Slides\" dir=\"ltr\" data-animation=\"fadeInUp\">\n\t\t\t\t<div class=\"swiper-wrapper elementor-slides\">\n\t\t\t\t\t\t\t\t\t\t<div class=\"elementor-repeater-item-6f26e8c swiper-slide\" role=\"group\" aria-roledescription=\"slide\"><div class=\"swiper-slide-bg\" role=\"img\"><\/div><div class=\"swiper-slide-inner\" ><div class=\"swiper-slide-contents\"><div class=\"elementor-slide-heading\"><h1 class=\"elementor-slide-heading\">Vorverkaufsstellen<\/h1><\/div><\/div><\/div><\/div><div class=\"elementor-repeater-item-69d700c swiper-slide\" role=\"group\" aria-roledescription=\"slide\"><div class=\"swiper-slide-bg\" role=\"img\"><\/div><div class=\"swiper-slide-inner\" ><div class=\"swiper-slide-contents\"><div class=\"elementor-slide-heading\"><h2 class=\"elementor-slide-heading\">Vorverkaufsstellen<\/h2><\/div><\/div><\/div><\/div>\t\t\t\t<\/div>\n\t\t\t\t\t\t\t\t\t\t\t\t\t\t\t<div class=\"elementor-swiper-button elementor-swiper-button-prev\" role=\"button\" tabindex=\"0\" aria-label=\"Previous slide\">\n\t\t\t\t\t\t\t<i aria-hidden=\"true\" class=\"eicon-chevron-left\"><\/i>\t\t\t\t\t\t<\/div>\n\t\t\t\t\t\t<div class=\"elementor-swiper-button elementor-swiper-button-next\" role=\"button\" tabindex=\"0\" aria-label=\"Next slide\">\n\t\t\t\t\t\t\t<i aria-hidden=\"true\" class=\"eicon-chevron-right\"><\/i>\t\t\t\t\t\t<\/div>\n\t\t\t\t\t\t\t\t\t\t\t\t\t\t\t\t\t<\/div>\n\t\t\t\t<\/div>\n\t\t\t\t\t\t\t\t<\/div>\n\t\t\t\t<\/div>\n\t\t\t\t\t<\/div>\n\t\t<\/div>\n\t\t\t\t\t<\/div>\n\t\t<\/section>\n\t\t\t\t<section class=\"elementor-section elementor-top-section elementor-element elementor-element-93e367c elementor-section-boxed elementor-section-height-default elementor-section-height-default\" data-id=\"93e367c\" data-element_type=\"section\">\n\t\t\t\t\t\t<div class=\"elementor-container elementor-column-gap-default\">\n\t\t\t\t\t<div class=\"elementor-column elementor-col-50 elementor-top-column elementor-element elementor-element-d83e541\" data-id=\"d83e541\" data-element_type=\"column\">\n\t\t\t<div class=\"elementor-widget-wrap elementor-element-populated\">\n\t\t\t\t\t\t<div class=\"elementor-element elementor-element-a154e1b elementor-widget elementor-widget-heading\" data-id=\"a154e1b\" data-element_type=\"widget\" data-widget_type=\"heading.default\">\n\t\t\t\t<div class=\"elementor-widget-container\">\n\t\t\t\t\t<h2 class=\"elementor-heading-title elementor-size-default\">Im Internet<\/h2>\t\t\t\t<\/div>\n\t\t\t\t<\/div>\n\t\t\t\t<div class=\"elementor-element elementor-element-239a9ab elementor-widget elementor-widget-text-editor\" data-id=\"239a9ab\" data-element_type=\"widget\" data-widget_type=\"text-editor.default\">\n\t\t\t\t<div class=\"elementor-widget-container\">\n\t\t\t\t\t\t\t\t\t<p class=\"x_MsoNormal\">Der bequemste Weg f\u00fcr Sie!<\/p>\n<p class=\"x_MsoNormal\">Bestellen Sie Ihre Tickets f\u00fcr einen Gro\u00dfteil der angebotenen Veranstaltungen direkt hier im <b><a href=\"https:\/\/www.eventim.de\/search\/?affiliate=EVE&amp;searchterm=SACHSENarena&amp;tab=0\" target=\"_blank\" rel=\"noopener\">Ticketshop<\/a> <\/b>unseres Ticketpartners eventim.de.<\/p>\n<p>F\u00fcr den Bestellvorgang gelten die <a href=\"https:\/\/www.eventim.de\/help\/terms\/\" target=\"_blank\" rel=\"noopener\">AGB\u2019s<\/a> der Firma CTS Eventim AG &amp; Co. KGaA.<\/p>\n\t\t\t\t\t\t\t\t<\/div>\n\t\t\t\t<\/div>\n\t\t\t\t\t<\/div>\n\t\t<\/div>\n\t\t\t\t<div class=\"elementor-column elementor-col-50 elementor-top-column elementor-element elementor-element-18d4154\" data-id=\"18d4154\" data-element_type=\"column\" data-settings=\"{&quot;background_background&quot;:&quot;gradient&quot;}\">\n\t\t\t<div class=\"elementor-widget-wrap elementor-element-populated\">\n\t\t\t\t\t\t<div class=\"elementor-element elementor-element-d80791f elementor-widget elementor-widget-heading\" data-id=\"d80791f\" data-element_type=\"widget\" data-widget_type=\"heading.default\">\n\t\t\t\t<div class=\"elementor-widget-container\">\n\t\t\t\t\t<h2 class=\"elementor-heading-title elementor-size-default\">TICKET HOTLINE<\/h2>\t\t\t\t<\/div>\n\t\t\t\t<\/div>\n\t\t\t\t<div class=\"elementor-element elementor-element-0142afb elementor-widget elementor-widget-heading\" data-id=\"0142afb\" data-element_type=\"widget\" data-widget_type=\"heading.default\">\n\t\t\t\t<div class=\"elementor-widget-container\">\n\t\t\t\t\t<h2 class=\"elementor-heading-title elementor-size-default\">03525 - 52 94 22<\/h2>\t\t\t\t<\/div>\n\t\t\t\t<\/div>\n\t\t\t\t\t<\/div>\n\t\t<\/div>\n\t\t\t\t\t<\/div>\n\t\t<\/section>\n\t\t\t\t<section class=\"elementor-section elementor-top-section elementor-element elementor-element-8518bc8 elementor-section-boxed elementor-section-height-default elementor-section-height-default\" data-id=\"8518bc8\" data-element_type=\"section\">\n\t\t\t\t\t\t<div class=\"elementor-container elementor-column-gap-default\">\n\t\t\t\t\t<div class=\"elementor-column elementor-col-50 elementor-top-column elementor-element elementor-element-74b05bd\" data-id=\"74b05bd\" data-element_type=\"column\">\n\t\t\t<div class=\"elementor-widget-wrap elementor-element-populated\">\n\t\t\t\t\t\t<div class=\"elementor-element elementor-element-437422f break elementor-widget elementor-widget-heading\" data-id=\"437422f\" data-element_type=\"widget\" data-widget_type=\"heading.default\">\n\t\t\t\t<div class=\"elementor-widget-container\">\n\t\t\t\t\t<h2 class=\"elementor-heading-title elementor-size-default\">Vorverkaufsstellen<\/h2>\t\t\t\t<\/div>\n\t\t\t\t<\/div>\n\t\t\t\t<div class=\"elementor-element elementor-element-7f64f31 elementor-widget elementor-widget-text-editor\" data-id=\"7f64f31\" data-element_type=\"widget\" data-widget_type=\"text-editor.default\">\n\t\t\t\t<div class=\"elementor-widget-container\">\n\t\t\t\t\t\t\t\t\t<div id=\"comp-kb0r28r22\" class=\"_1Q9if _3bcaz\" data-testid=\"richTextElement\">\n<p class=\"x_font8\">Wir sind fast \u00fcberall f\u00fcr Sie da!<\/p>\n<p class=\"x_font8\">Tickets erhalten Sie in Sachsen, Brandenburg, Sachsen-Anhalt sowie bundesweit in allen bekannten Vorverkaufsstellen mit CTS-System (eventim) zum Beispiel bei der S\u00e4chsischen Zeitung oder der Lausitzer Rundschau.<\/p>\n<p class=\"x_font8\">Alle Vorverkaufspartner der Stadthalle Stern Riesa im PLZ-Bereich 01 finden Sie: <strong><a href=\"https:\/\/www.eventim.de\/help\/outlets\/?affiliate=TUG&amp;search=01\" target=\"_blank\" rel=\"noopener\" data-auth=\"NotApplicable\">hier<\/a><\/strong><\/p>\n<\/div>\n<div id=\"comp-kb0ruc8j\" class=\"_1Q9if _3bcaz\" data-testid=\"richTextElement\"> <\/div>\n\t\t\t\t\t\t\t\t<\/div>\n\t\t\t\t<\/div>\n\t\t\t\t\t<\/div>\n\t\t<\/div>\n\t\t\t\t<div class=\"elementor-column elementor-col-50 elementor-top-column elementor-element elementor-element-e861853\" data-id=\"e861853\" data-element_type=\"column\">\n\t\t\t<div class=\"elementor-widget-wrap elementor-element-populated\">\n\t\t\t\t\t\t<div class=\"elementor-element elementor-element-446b83f elementor-widget elementor-widget-heading\" data-id=\"446b83f\" data-element_type=\"widget\" data-widget_type=\"heading.default\">\n\t\t\t\t<div class=\"elementor-widget-container\">\n\t\t\t\t\t<h2 class=\"elementor-heading-title elementor-size-default\">Tickets in Riesa<\/h2>\t\t\t\t<\/div>\n\t\t\t\t<\/div>\n\t\t\t\t<div class=\"elementor-element elementor-element-ce5baac elementor-widget elementor-widget-text-editor\" data-id=\"ce5baac\" data-element_type=\"widget\" data-widget_type=\"text-editor.default\">\n\t\t\t\t<div class=\"elementor-widget-container\">\n\t\t\t\t\t\t\t\t\t<div id=\"comp-kb0ovpux2\" class=\"_1Q9if _3bcaz\" data-testid=\"richTextElement\">\n<p class=\"x_MsoNormal\">Die <a href=\"https:\/\/riesa.de\/tourismus\/informtion\/riesa-information\" target=\"_blank\" rel=\"noopener\" data-auth=\"NotApplicable\"><strong>RIESA INFORMATION<\/strong><\/a> ist unser direkter Partner f\u00fcr Ihre Anliegen zu unseren Veranstaltungen!<\/p>\n<p class=\"x_MsoNormal\">Ob kompetente Ausk\u00fcnfte, Beratungen oder der Kauf von Tickets \u2013 das Team der RIESA INFORMATION ist f\u00fcr Sie da. Ein reichhaltiges Sortiment an Souvenirs der Stadt Riesa rundet das umfassende Angebot ab.<\/p>\n<\/div>\n\t\t\t\t\t\t\t\t<\/div>\n\t\t\t\t<\/div>\n\t\t\t\t\t<\/div>\n\t\t<\/div>\n\t\t\t\t\t<\/div>\n\t\t<\/section>\n\t\t\t\t<\/div>\n\t\t","protected":false},"excerpt":{"rendered":"<p>Previous slide Next slide Im Internet Der bequemste Weg f\u00fcr Sie! Bestellen Sie Ihre Tickets f\u00fcr einen Gro\u00dfteil der angebotenen Veranstaltungen direkt hier im Ticketshop unseres Ticketpartners eventim.de. F\u00fcr den Bestellvorgang gelten die AGB\u2019s der Firma CTS Eventim AG &amp; Co. KGaA. TICKET HOTLINE 03525 &#8211; 52 94 22 Vorverkaufsstellen Wir sind fast \u00fcberall f\u00fcr [&hellip;]<\/p>\n","protected":false},"author":1,"featured_media":7015,"parent":7103,"menu_order":0,"comment_status":"closed","ping_status":"closed","template":"elementor_header_footer","meta":{"inline_featured_image":false,"footnotes":""},"class_list":["post-7117","page","type-page","status-publish","has-post-thumbnail","hentry"],"yoast_head":"<!-- This site is optimized with the Yoast SEO plugin v25.1 - https:\/\/yoast.com\/wordpress\/plugins\/seo\/ -->\n<title>Vorverkaufsstellen - Stadthalle Stern Riesa - EVENTS live in Riesa erleben<\/title>\n<meta name=\"description\" content=\"Unter Vorverkaufsstellen erfahren Sie alles Weitere, was Sie wissen m\u00fcssen, wenn Sie ein Ticket f\u00fcr eine Veranstaltung kaufen m\u00f6chten (z.B. Vorverkaufsstellen).\" \/>\n<meta name=\"robots\" content=\"index, follow, max-snippet:-1, max-image-preview:large, max-video-preview:-1\" \/>\n<link rel=\"canonical\" href=\"https:\/\/stern-riesa.de\/de-ls\/besucherinfos\/vorverkaufsstellen\/\" \/>\n<meta property=\"og:locale\" content=\"de_DE\" \/>\n<meta property=\"og:type\" content=\"article\" \/>\n<meta property=\"og:title\" content=\"Vorverkaufsstellen - Stadthalle Stern Riesa - EVENTS live in Riesa erleben\" \/>\n<meta property=\"og:description\" content=\"Unter Vorverkaufsstellen erfahren Sie alles Weitere, was Sie wissen m\u00fcssen, wenn Sie ein Ticket f\u00fcr eine Veranstaltung kaufen m\u00f6chten (z.B. Vorverkaufsstellen).\" \/>\n<meta property=\"og:url\" content=\"https:\/\/stern-riesa.de\/de-ls\/besucherinfos\/vorverkaufsstellen\/\" \/>\n<meta property=\"og:site_name\" content=\"Stadthalle Stern Riesa - EVENTS live in Riesa erleben\" \/>\n<meta property=\"article:modified_time\" content=\"2024-12-04T20:17:09+00:00\" \/>\n<meta property=\"og:image\" content=\"https:\/\/stern-riesa.de\/wp-content\/uploads\/2023\/11\/Linda.jpg\" \/>\n\t<meta property=\"og:image:width\" content=\"1920\" \/>\n\t<meta property=\"og:image:height\" content=\"1080\" \/>\n\t<meta property=\"og:image:type\" content=\"image\/jpeg\" \/>\n<meta name=\"twitter:card\" content=\"summary_large_image\" \/>\n<meta name=\"twitter:label1\" content=\"Est. reading time\" \/>\n\t<meta name=\"twitter:data1\" content=\"1 minute\" \/>\n<script type=\"application\/ld+json\" class=\"yoast-schema-graph\">{\"@context\":\"https:\/\/schema.org\",\"@graph\":[{\"@type\":\"WebPage\",\"@id\":\"https:\/\/stern-riesa.de\/de-ls\/besucherinfos\/vorverkaufsstellen\/\",\"url\":\"https:\/\/stern-riesa.de\/de-ls\/besucherinfos\/vorverkaufsstellen\/\",\"name\":\"Vorverkaufsstellen - Stadthalle Stern Riesa - EVENTS live in Riesa erleben\",\"isPartOf\":{\"@id\":\"https:\/\/stern-riesa.de\/#website\"},\"primaryImageOfPage\":{\"@id\":\"https:\/\/stern-riesa.de\/de-ls\/besucherinfos\/vorverkaufsstellen\/#primaryimage\"},\"image\":{\"@id\":\"https:\/\/stern-riesa.de\/de-ls\/besucherinfos\/vorverkaufsstellen\/#primaryimage\"},\"thumbnailUrl\":\"https:\/\/stern-riesa.de\/wp-content\/uploads\/2023\/11\/Linda.jpg\",\"datePublished\":\"2022-07-29T09:58:20+00:00\",\"dateModified\":\"2024-12-04T20:17:09+00:00\",\"description\":\"Unter Vorverkaufsstellen erfahren Sie alles Weitere, was Sie wissen m\u00fcssen, wenn Sie ein Ticket f\u00fcr eine Veranstaltung kaufen m\u00f6chten (z.B. Vorverkaufsstellen).\",\"breadcrumb\":{\"@id\":\"https:\/\/stern-riesa.de\/de-ls\/besucherinfos\/vorverkaufsstellen\/#breadcrumb\"},\"inLanguage\":\"de-LS\",\"potentialAction\":[{\"@type\":\"ReadAction\",\"target\":[\"https:\/\/stern-riesa.de\/de-ls\/besucherinfos\/vorverkaufsstellen\/\"]}]},{\"@type\":\"ImageObject\",\"inLanguage\":\"de-LS\",\"@id\":\"https:\/\/stern-riesa.de\/de-ls\/besucherinfos\/vorverkaufsstellen\/#primaryimage\",\"url\":\"https:\/\/stern-riesa.de\/wp-content\/uploads\/2023\/11\/Linda.jpg\",\"contentUrl\":\"https:\/\/stern-riesa.de\/wp-content\/uploads\/2023\/11\/Linda.jpg\",\"width\":1920,\"height\":1080},{\"@type\":\"BreadcrumbList\",\"@id\":\"https:\/\/stern-riesa.de\/de-ls\/besucherinfos\/vorverkaufsstellen\/#breadcrumb\",\"itemListElement\":[{\"@type\":\"ListItem\",\"position\":1,\"name\":\"Startseite\",\"item\":\"https:\/\/stern-riesa.de\/de-ls\/startseite\/\"},{\"@type\":\"ListItem\",\"position\":2,\"name\":\"Besucherinfos\",\"item\":\"https:\/\/stern-riesa.de\/de-ls\/besucherinfos\/\"},{\"@type\":\"ListItem\",\"position\":3,\"name\":\"Vorverkaufsstellen\"}]},{\"@type\":\"WebSite\",\"@id\":\"https:\/\/stern-riesa.de\/#website\",\"url\":\"https:\/\/stern-riesa.de\/\",\"name\":\"Stadthalle Stern Riesa - EVENTS live in Riesa erleben\",\"description\":\"Erlebnisse live - Aktuelle Events in Kultur &amp; Sport - in der Stadthalle Stern Riesa.\",\"publisher\":{\"@id\":\"https:\/\/stern-riesa.de\/#organization\"},\"potentialAction\":[{\"@type\":\"SearchAction\",\"target\":{\"@type\":\"EntryPoint\",\"urlTemplate\":\"https:\/\/stern-riesa.de\/?s={search_term_string}\"},\"query-input\":{\"@type\":\"PropertyValueSpecification\",\"valueRequired\":true,\"valueName\":\"search_term_string\"}}],\"inLanguage\":\"de-LS\"},{\"@type\":\"Organization\",\"@id\":\"https:\/\/stern-riesa.de\/#organization\",\"name\":\"FVG Riesa mbH\",\"url\":\"https:\/\/stern-riesa.de\/\",\"logo\":{\"@type\":\"ImageObject\",\"inLanguage\":\"de-LS\",\"@id\":\"https:\/\/stern-riesa.de\/#\/schema\/logo\/image\/\",\"url\":\"https:\/\/stern-riesa.de\/wp-content\/uploads\/2022\/01\/FVG_logo_claim_4c.png\",\"contentUrl\":\"https:\/\/stern-riesa.de\/wp-content\/uploads\/2022\/01\/FVG_logo_claim_4c.png\",\"width\":750,\"height\":265,\"caption\":\"FVG Riesa mbH\"},\"image\":{\"@id\":\"https:\/\/stern-riesa.de\/#\/schema\/logo\/image\/\"}}]}<\/script>\n<!-- \/ Yoast SEO plugin. -->","yoast_head_json":{"title":"Vorverkaufsstellen - Stadthalle Stern Riesa - EVENTS live in Riesa erleben","description":"Unter Vorverkaufsstellen erfahren Sie alles Weitere, was Sie wissen m\u00fcssen, wenn Sie ein Ticket f\u00fcr eine Veranstaltung kaufen m\u00f6chten (z.B. Vorverkaufsstellen).","robots":{"index":"index","follow":"follow","max-snippet":"max-snippet:-1","max-image-preview":"max-image-preview:large","max-video-preview":"max-video-preview:-1"},"canonical":"https:\/\/stern-riesa.de\/de-ls\/besucherinfos\/vorverkaufsstellen\/","og_locale":"de_DE","og_type":"article","og_title":"Vorverkaufsstellen - Stadthalle Stern Riesa - EVENTS live in Riesa erleben","og_description":"Unter Vorverkaufsstellen erfahren Sie alles Weitere, was Sie wissen m\u00fcssen, wenn Sie ein Ticket f\u00fcr eine Veranstaltung kaufen m\u00f6chten (z.B. Vorverkaufsstellen).","og_url":"https:\/\/stern-riesa.de\/de-ls\/besucherinfos\/vorverkaufsstellen\/","og_site_name":"Stadthalle Stern Riesa - EVENTS live in Riesa erleben","article_modified_time":"2024-12-04T20:17:09+00:00","og_image":[{"width":1920,"height":1080,"url":"https:\/\/stern-riesa.de\/wp-content\/uploads\/2023\/11\/Linda.jpg","type":"image\/jpeg"}],"twitter_card":"summary_large_image","twitter_misc":{"Est. reading time":"1 minute"},"schema":{"@context":"https:\/\/schema.org","@graph":[{"@type":"WebPage","@id":"https:\/\/stern-riesa.de\/de-ls\/besucherinfos\/vorverkaufsstellen\/","url":"https:\/\/stern-riesa.de\/de-ls\/besucherinfos\/vorverkaufsstellen\/","name":"Vorverkaufsstellen - Stadthalle Stern Riesa - EVENTS live in Riesa erleben","isPartOf":{"@id":"https:\/\/stern-riesa.de\/#website"},"primaryImageOfPage":{"@id":"https:\/\/stern-riesa.de\/de-ls\/besucherinfos\/vorverkaufsstellen\/#primaryimage"},"image":{"@id":"https:\/\/stern-riesa.de\/de-ls\/besucherinfos\/vorverkaufsstellen\/#primaryimage"},"thumbnailUrl":"https:\/\/stern-riesa.de\/wp-content\/uploads\/2023\/11\/Linda.jpg","datePublished":"2022-07-29T09:58:20+00:00","dateModified":"2024-12-04T20:17:09+00:00","description":"Unter Vorverkaufsstellen erfahren Sie alles Weitere, was Sie wissen m\u00fcssen, wenn Sie ein Ticket f\u00fcr eine Veranstaltung kaufen m\u00f6chten (z.B. Vorverkaufsstellen).","breadcrumb":{"@id":"https:\/\/stern-riesa.de\/de-ls\/besucherinfos\/vorverkaufsstellen\/#breadcrumb"},"inLanguage":"de-LS","potentialAction":[{"@type":"ReadAction","target":["https:\/\/stern-riesa.de\/de-ls\/besucherinfos\/vorverkaufsstellen\/"]}]},{"@type":"ImageObject","inLanguage":"de-LS","@id":"https:\/\/stern-riesa.de\/de-ls\/besucherinfos\/vorverkaufsstellen\/#primaryimage","url":"https:\/\/stern-riesa.de\/wp-content\/uploads\/2023\/11\/Linda.jpg","contentUrl":"https:\/\/stern-riesa.de\/wp-content\/uploads\/2023\/11\/Linda.jpg","width":1920,"height":1080},{"@type":"BreadcrumbList","@id":"https:\/\/stern-riesa.de\/de-ls\/besucherinfos\/vorverkaufsstellen\/#breadcrumb","itemListElement":[{"@type":"ListItem","position":1,"name":"Startseite","item":"https:\/\/stern-riesa.de\/de-ls\/startseite\/"},{"@type":"ListItem","position":2,"name":"Besucherinfos","item":"https:\/\/stern-riesa.de\/de-ls\/besucherinfos\/"},{"@type":"ListItem","position":3,"name":"Vorverkaufsstellen"}]},{"@type":"WebSite","@id":"https:\/\/stern-riesa.de\/#website","url":"https:\/\/stern-riesa.de\/","name":"Stadthalle Stern Riesa - EVENTS live in Riesa erleben","description":"Erlebnisse live - Aktuelle Events in Kultur &amp; Sport - in der Stadthalle Stern Riesa.","publisher":{"@id":"https:\/\/stern-riesa.de\/#organization"},"potentialAction":[{"@type":"SearchAction","target":{"@type":"EntryPoint","urlTemplate":"https:\/\/stern-riesa.de\/?s={search_term_string}"},"query-input":{"@type":"PropertyValueSpecification","valueRequired":true,"valueName":"search_term_string"}}],"inLanguage":"de-LS"},{"@type":"Organization","@id":"https:\/\/stern-riesa.de\/#organization","name":"FVG Riesa mbH","url":"https:\/\/stern-riesa.de\/","logo":{"@type":"ImageObject","inLanguage":"de-LS","@id":"https:\/\/stern-riesa.de\/#\/schema\/logo\/image\/","url":"https:\/\/stern-riesa.de\/wp-content\/uploads\/2022\/01\/FVG_logo_claim_4c.png","contentUrl":"https:\/\/stern-riesa.de\/wp-content\/uploads\/2022\/01\/FVG_logo_claim_4c.png","width":750,"height":265,"caption":"FVG Riesa mbH"},"image":{"@id":"https:\/\/stern-riesa.de\/#\/schema\/logo\/image\/"}}]}},"_links":{"self":[{"href":"https:\/\/stern-riesa.de\/de-ls\/wp-json\/wp\/v2\/pages\/7117","targetHints":{"allow":["GET"]}}],"collection":[{"href":"https:\/\/stern-riesa.de\/de-ls\/wp-json\/wp\/v2\/pages"}],"about":[{"href":"https:\/\/stern-riesa.de\/de-ls\/wp-json\/wp\/v2\/types\/page"}],"author":[{"embeddable":true,"href":"https:\/\/stern-riesa.de\/de-ls\/wp-json\/wp\/v2\/users\/1"}],"replies":[{"embeddable":true,"href":"https:\/\/stern-riesa.de\/de-ls\/wp-json\/wp\/v2\/comments?post=7117"}],"version-history":[{"count":1,"href":"https:\/\/stern-riesa.de\/de-ls\/wp-json\/wp\/v2\/pages\/7117\/revisions"}],"predecessor-version":[{"id":7118,"href":"https:\/\/stern-riesa.de\/de-ls\/wp-json\/wp\/v2\/pages\/7117\/revisions\/7118"}],"up":[{"embeddable":true,"href":"https:\/\/stern-riesa.de\/de-ls\/wp-json\/wp\/v2\/pages\/7103"}],"wp:featuredmedia":[{"embeddable":true,"href":"https:\/\/stern-riesa.de\/de-ls\/wp-json\/wp\/v2\/media\/7015"}],"wp:attachment":[{"href":"https:\/\/stern-riesa.de\/de-ls\/wp-json\/wp\/v2\/media?parent=7117"}],"curies":[{"name":"wp","href":"https:\/\/api.w.org\/{rel}","templated":true}]}}